{"id":480,"date":"2023-08-16T16:53:45","date_gmt":"2023-08-16T14:53:45","guid":{"rendered":"https:\/\/huehnerfarm-hn.de\/?page_id=480"},"modified":"2023-08-16T16:53:45","modified_gmt":"2023-08-16T14:53:45","slug":"biergarten","status":"publish","type":"page","link":"https:\/\/huehnerfarm-hn.de\/?page_id=480","title":{"rendered":"Biergarten"},"content":{"rendered":"<div id=\"pl-480\"  class=\"panel-layout\" ><div id=\"pg-480-0\"  class=\"panel-grid panel-no-style\" ><div id=\"pgc-480-0-0\"  class=\"panel-grid-cell\" ><div id=\"panel-480-0-0-0\" class=\"so-panel widget widget_sow-editor panel-first-child\" data-index=\"0\" ><div\n\t\t\t\n\t\t\tclass=\"so-widget-sow-editor so-widget-sow-editor-base\"\n\t\t\t\n\t\t>\n<div class=\"siteorigin-widget-tinymce textwidget\">\n\t<h3 style=\"text-align: center;\"><span style=\"color: #c4081c;\">Unser Biergarten<\/span><\/h3>\n<p style=\"text-align: center;\">Unser Biergarten bietet eine ruhige Atmosph\u00e4re f\u00fcr abendliche Gespr\u00e4che und angenehmen Speisen in der Natur.<\/p>\n<\/div>\n<\/div><\/div><div id=\"panel-480-0-0-1\" class=\"so-panel widget widget_sow-slider panel-last-child\" data-index=\"1\" ><div\n\t\t\t\n\t\t\tclass=\"so-widget-sow-slider so-widget-sow-slider-default-6d39609536fd-480\"\n\t\t\t\n\t\t>\t\t\t\t<div class=\"sow-slider-base\" style=\"display: none\" tabindex=\"0\">\n\t\t\t\t\t<ul\n\t\t\t\t\tclass=\"sow-slider-images\"\n\t\t\t\t\tdata-settings=\"{&quot;pagination&quot;:true,&quot;speed&quot;:500,&quot;timeout&quot;:8000,&quot;paused&quot;:true,&quot;pause_on_hover&quot;:true,&quot;swipe&quot;:true,&quot;nav_always_show_desktop&quot;:&quot;&quot;,&quot;nav_always_show_mobile&quot;:&quot;&quot;,&quot;breakpoint&quot;:&quot;780px&quot;,&quot;unmute&quot;:false,&quot;anchor&quot;:null}\"\n\t\t\t\t\t\t\t\t\t\tdata-anchor-id=\"\"\n\t\t\t\t>\t\t<li class=\"sow-slider-image\" style=\"visibility: visible;\" >\n\t\t\t\t\t\t<img width=\"2560\" height=\"1920\" src=\"https:\/\/huehnerfarm-hn.de\/wp-content\/uploads\/2023\/08\/IMG_2818-scaled.jpg\" class=\"sow-slider-background-image\" alt=\"\" decoding=\"async\" style=\"\" srcset=\"https:\/\/huehnerfarm-hn.de\/wp-content\/uploads\/2023\/08\/IMG_2818-scaled.jpg 2560w, https:\/\/huehnerfarm-hn.de\/wp-content\/uploads\/2023\/08\/IMG_2818-300x225.jpg 300w, https:\/\/huehnerfarm-hn.de\/wp-content\/uploads\/2023\/08\/IMG_2818-1024x768.jpg 1024w, https:\/\/huehnerfarm-hn.de\/wp-content\/uploads\/2023\/08\/IMG_2818-768x576.jpg 768w, https:\/\/huehnerfarm-hn.de\/wp-content\/uploads\/2023\/08\/IMG_2818-1536x1152.jpg 1536w, https:\/\/huehnerfarm-hn.de\/wp-content\/uploads\/2023\/08\/IMG_2818-2048x1536.jpg 2048w\" sizes=\"(max-width: 2560px) 100vw, 2560px\" \/>\t\t<\/li>\n\t\t\t\t<li class=\"sow-slider-image\" style=\"visibility: hidden;\" >\n\t\t\t\t\t\t<div class=\"sow-slider-image-container\">\n\t\t\t\t<div class=\"sow-slider-image-wrapper\" style=\"max-width: 2560px\">\n\t\t\t\t\t\t\t\t\t\t<div class=\"sow-slider-image-foreground-wrapper\">\n\t\t\t\t\t\t<img width=\"2560\" height=\"1920\" src=\"https:\/\/huehnerfarm-hn.de\/wp-content\/uploads\/2023\/08\/IMG_2817-scaled.jpg\" class=\"sow-slider-foreground-image\" alt=\"\" decoding=\"async\" style=\"\" srcset=\"https:\/\/huehnerfarm-hn.de\/wp-content\/uploads\/2023\/08\/IMG_2817-scaled.jpg 2560w, https:\/\/huehnerfarm-hn.de\/wp-content\/uploads\/2023\/08\/IMG_2817-300x225.jpg 300w, https:\/\/huehnerfarm-hn.de\/wp-content\/uploads\/2023\/08\/IMG_2817-1024x768.jpg 1024w, https:\/\/huehnerfarm-hn.de\/wp-content\/uploads\/2023\/08\/IMG_2817-768x576.jpg 768w, https:\/\/huehnerfarm-hn.de\/wp-content\/uploads\/2023\/08\/IMG_2817-1536x1152.jpg 1536w, https:\/\/huehnerfarm-hn.de\/wp-content\/uploads\/2023\/08\/IMG_2817-2048x1536.jpg 2048w\" sizes=\"(max-width: 2560px) 100vw, 2560px\" \/>\t\t\t\t\t<\/div>\n\t\t\t\t\t\t\t\t\t<\/div>\n\t\t\t<\/div>\n\t\t\t\t\t<\/li>\n\t\t\t\t<li class=\"sow-slider-image\" style=\"visibility: hidden;\" >\n\t\t\t\t\t\t<img width=\"2560\" height=\"1920\" src=\"https:\/\/huehnerfarm-hn.de\/wp-content\/uploads\/2023\/08\/IMG_2821-scaled.jpg\" class=\"sow-slider-background-image\" alt=\"\" decoding=\"async\" style=\"\" srcset=\"https:\/\/huehnerfarm-hn.de\/wp-content\/uploads\/2023\/08\/IMG_2821-scaled.jpg 2560w, https:\/\/huehnerfarm-hn.de\/wp-content\/uploads\/2023\/08\/IMG_2821-300x225.jpg 300w, https:\/\/huehnerfarm-hn.de\/wp-content\/uploads\/2023\/08\/IMG_2821-1024x768.jpg 1024w, https:\/\/huehnerfarm-hn.de\/wp-content\/uploads\/2023\/08\/IMG_2821-768x576.jpg 768w, https:\/\/huehnerfarm-hn.de\/wp-content\/uploads\/2023\/08\/IMG_2821-1536x1152.jpg 1536w, https:\/\/huehnerfarm-hn.de\/wp-content\/uploads\/2023\/08\/IMG_2821-2048x1536.jpg 2048w\" sizes=\"(max-width: 2560px) 100vw, 2560px\" \/>\t\t<\/li>\n\t\t\t\t<li class=\"sow-slider-image\" style=\"visibility: hidden;\" >\n\t\t\t\t\t\t<img width=\"2560\" height=\"1920\" src=\"https:\/\/huehnerfarm-hn.de\/wp-content\/uploads\/2023\/08\/IMG_2820-scaled.jpg\" class=\"sow-slider-background-image\" alt=\"\" decoding=\"async\" style=\"\" srcset=\"https:\/\/huehnerfarm-hn.de\/wp-content\/uploads\/2023\/08\/IMG_2820-scaled.jpg 2560w, https:\/\/huehnerfarm-hn.de\/wp-content\/uploads\/2023\/08\/IMG_2820-300x225.jpg 300w, https:\/\/huehnerfarm-hn.de\/wp-content\/uploads\/2023\/08\/IMG_2820-1024x768.jpg 1024w, https:\/\/huehnerfarm-hn.de\/wp-content\/uploads\/2023\/08\/IMG_2820-768x576.jpg 768w, https:\/\/huehnerfarm-hn.de\/wp-content\/uploads\/2023\/08\/IMG_2820-1536x1152.jpg 1536w, https:\/\/huehnerfarm-hn.de\/wp-content\/uploads\/2023\/08\/IMG_2820-2048x1536.jpg 2048w\" sizes=\"(max-width: 2560px) 100vw, 2560px\" \/>\t\t<\/li>\n\t\t\t\t<li class=\"sow-slider-image\" style=\"visibility: hidden;\" >\n\t\t\t\t\t\t<img width=\"2560\" height=\"1920\" src=\"https:\/\/huehnerfarm-hn.de\/wp-content\/uploads\/2023\/08\/IMG_2816-scaled.jpg\" class=\"sow-slider-background-image\" alt=\"\" decoding=\"async\" style=\"\" srcset=\"https:\/\/huehnerfarm-hn.de\/wp-content\/uploads\/2023\/08\/IMG_2816-scaled.jpg 2560w, https:\/\/huehnerfarm-hn.de\/wp-content\/uploads\/2023\/08\/IMG_2816-300x225.jpg 300w, https:\/\/huehnerfarm-hn.de\/wp-content\/uploads\/2023\/08\/IMG_2816-1024x768.jpg 1024w, https:\/\/huehnerfarm-hn.de\/wp-content\/uploads\/2023\/08\/IMG_2816-768x576.jpg 768w, https:\/\/huehnerfarm-hn.de\/wp-content\/uploads\/2023\/08\/IMG_2816-1536x1152.jpg 1536w, https:\/\/huehnerfarm-hn.de\/wp-content\/uploads\/2023\/08\/IMG_2816-2048x1536.jpg 2048w\" sizes=\"(max-width: 2560px) 100vw, 2560px\" \/>\t\t<\/li>\n\t\t<\/ul>\t\t\t\t<ol class=\"sow-slider-pagination\">\n\t\t\t\t\t\t\t\t\t\t\t<li><a href=\"#\" data-goto=\"0\" aria-label=\"Display slide 1\"><\/a><\/li>\n\t\t\t\t\t\t\t\t\t\t\t<li><a href=\"#\" data-goto=\"1\" aria-label=\"Display slide 2\"><\/a><\/li>\n\t\t\t\t\t\t\t\t\t\t\t<li><a href=\"#\" data-goto=\"2\" aria-label=\"Display slide 3\"><\/a><\/li>\n\t\t\t\t\t\t\t\t\t\t\t<li><a href=\"#\" data-goto=\"3\" aria-label=\"Display slide 4\"><\/a><\/li>\n\t\t\t\t\t\t\t\t\t\t\t<li><a href=\"#\" data-goto=\"4\" aria-label=\"Display slide 5\"><\/a><\/li>\n\t\t\t\t\t\t\t\t\t<\/ol>\n\n\t\t\t\t<div class=\"sow-slide-nav sow-slide-nav-next\">\n\t\t\t\t\t<a href=\"#\" data-goto=\"next\" aria-label=\"Next slide\" data-action=\"next\">\n\t\t\t\t\t\t<em class=\"sow-sld-icon-thin-right\"><\/em>\n\t\t\t\t\t<\/a>\n\t\t\t\t<\/div>\n\n\t\t\t\t<div class=\"sow-slide-nav sow-slide-nav-prev\">\n\t\t\t\t\t<a href=\"#\" data-goto=\"previous\" aria-label=\"Previous slide\" data-action=\"prev\">\n\t\t\t\t\t\t<em class=\"sow-sld-icon-thin-left\"><\/em>\n\t\t\t\t\t<\/a>\n\t\t\t\t<\/div>\n\t\t\t\t<\/div><\/div><\/div><\/div><\/div><\/div>","protected":false},"excerpt":{"rendered":"<p>Sie suchen nach einer passenden Location f\u00fcr Ihre Party?<\/p>\n","protected":false},"author":1,"featured_media":201,"parent":0,"menu_order":0,"comment_status":"closed","ping_status":"closed","template":"","meta":{"footnotes":""},"_links":{"self":[{"href":"https:\/\/huehnerfarm-hn.de\/index.php?rest_route=\/wp\/v2\/pages\/480"}],"collection":[{"href":"https:\/\/huehnerfarm-hn.de\/index.php?rest_route=\/wp\/v2\/pages"}],"about":[{"href":"https:\/\/huehnerfarm-hn.de\/index.php?rest_route=\/wp\/v2\/types\/page"}],"author":[{"embeddable":true,"href":"https:\/\/huehnerfarm-hn.de\/index.php?rest_route=\/wp\/v2\/users\/1"}],"replies":[{"embeddable":true,"href":"https:\/\/huehnerfarm-hn.de\/index.php?rest_route=%2Fwp%2Fv2%2Fcomments&post=480"}],"version-history":[{"count":17,"href":"https:\/\/huehnerfarm-hn.de\/index.php?rest_route=\/wp\/v2\/pages\/480\/revisions"}],"predecessor-version":[{"id":501,"href":"https:\/\/huehnerfarm-hn.de\/index.php?rest_route=\/wp\/v2\/pages\/480\/revisions\/501"}],"wp:featuredmedia":[{"embeddable":true,"href":"https:\/\/huehnerfarm-hn.de\/index.php?rest_route=\/wp\/v2\/media\/201"}],"wp:attachment":[{"href":"https:\/\/huehnerfarm-hn.de\/index.php?rest_route=%2Fwp%2Fv2%2Fmedia&parent=480"}],"curies":[{"name":"wp","href":"https:\/\/api.w.org\/{rel}","templated":true}]}}